{"id":247,"date":"2015-07-28T19:06:15","date_gmt":"2015-07-28T19:06:15","guid":{"rendered":"http:\/\/adventure-tours.themedelight.com\/?post_type=product&#038;p=247"},"modified":"2025-11-20T16:17:59","modified_gmt":"2025-11-20T20:17:59","slug":"folding-chair","status":"publish","type":"product","link":"https:\/\/puntacanaexcursions.fr\/en\/product\/folding-chair\/","title":{"rendered":"Bracelet Vinyle"},"content":{"rendered":"<p>Bracelets vinyles personnalis\u00e9s con\u00e7us pour r\u00e9sister \u00e0 toutes les occasions ils sont parfait pour les concerts, festivals, soir\u00e9es d\u2019entreprise ou tout type de rassemblement.<\/p>","protected":false},"excerpt":{"rendered":"<p>Offrez \u00e0 vos invit\u00e9s ou clients un souvenir original et pratique, tout en mettant votre marque en avant. De plus les bracelets vinyles permettent de contr\u00f4ler l\u2019acc\u00e8s de votre \u00e9v\u00e9nement en un clin d\u2019\u0153il.<\/p>","protected":false},"featured_media":1679,"comment_status":"open","ping_status":"closed","template":"","meta":[],"product_brand":[],"product_cat":[141,15],"product_tag":[],"class_list":{"0":"post-247","1":"product","2":"type-product","3":"status-publish","4":"has-post-thumbnail","6":"product_cat-bracelets-identification","7":"product_cat-non-classe","9":"first","10":"onbackorder","11":"sale","12":"virtual","13":"purchasable","14":"product-type-simple"},"_links":{"self":[{"href":"https:\/\/puntacanaexcursions.fr\/en\/wp-json\/wp\/v2\/product\/247","targetHints":{"allow":["GET"]}}],"collection":[{"href":"https:\/\/puntacanaexcursions.fr\/en\/wp-json\/wp\/v2\/product"}],"about":[{"href":"https:\/\/puntacanaexcursions.fr\/en\/wp-json\/wp\/v2\/types\/product"}],"replies":[{"embeddable":true,"href":"https:\/\/puntacanaexcursions.fr\/en\/wp-json\/wp\/v2\/comments?post=247"}],"wp:featuredmedia":[{"embeddable":true,"href":"https:\/\/puntacanaexcursions.fr\/en\/wp-json\/wp\/v2\/media\/1679"}],"wp:attachment":[{"href":"https:\/\/puntacanaexcursions.fr\/en\/wp-json\/wp\/v2\/media?parent=247"}],"wp:term":[{"taxonomy":"product_brand","embeddable":true,"href":"https:\/\/puntacanaexcursions.fr\/en\/wp-json\/wp\/v2\/product_brand?post=247"},{"taxonomy":"product_cat","embeddable":true,"href":"https:\/\/puntacanaexcursions.fr\/en\/wp-json\/wp\/v2\/product_cat?post=247"},{"taxonomy":"product_tag","embeddable":true,"href":"https:\/\/puntacanaexcursions.fr\/en\/wp-json\/wp\/v2\/product_tag?post=247"}],"curies":[{"name":"wp","href":"https:\/\/api.w.org\/{rel}","templated":true}]}}