{"id":217,"date":"2015-07-28T16:00:25","date_gmt":"2015-07-28T16:00:25","guid":{"rendered":"http:\/\/adventure-tours.themedelight.com\/?post_type=product&#038;p=217"},"modified":"2025-12-22T17:38:56","modified_gmt":"2025-12-22T21:38:56","slug":"headlamp","status":"publish","type":"product","link":"https:\/\/puntacanaexcursions.fr\/en\/product\/headlamp\/","title":{"rendered":"Sofa Beach"},"content":{"rendered":"<p>Sofa Beach \u2013 Le fauteuil gonflable parfait pour la plage !<\/p>\n<p>D\u00e9couvrez le Sofa Beach, votre nouvel indispensable pour profiter pleinement de vos journ\u00e9es au soleil. Il s\u2019agit d\u2019un duo de fauteuils gonflables ultra-pratiques : ouvrez-les, laissez l\u2019air entrer en quelques secondes, refermez\u2026 et d\u00e9tendez-vous ! L\u00e9ger, compact et facile \u00e0 transporter, il se gonfle sans pompe et vous accompagne partout.<\/p>\n<p>Personnalis\u00e9 au nom de Punta Cana, c\u2019est le souvenir id\u00e9al pour prolonger vos vacances. Con\u00e7u dans une mati\u00e8re tr\u00e8s r\u00e9sistante et confortable, il offre un soutien agr\u00e9able pour s\u2019allonger sur la plage, au bord de la piscine ou m\u00eame dans votre jardin.<\/p>\n<p>Pratique, fun et durable : adoptez le Sofa Beach et relaxez-vous o\u00f9 que vous soyez !<\/p>\n<p>.<\/p>","protected":false},"excerpt":{"rendered":"<p>D\u00e9couvrez le Sofa Beach, votre nouvel indispensable pour profiter pleinement de vos journ\u00e9es au soleil. Il s\u2019agit d\u2019un duo de fauteuils gonflables ultra-pratiques : ouvrez-les, laissez l\u2019air entrer en quelques secondes, refermez\u2026 et d\u00e9tendez-vous !<\/p>","protected":false},"featured_media":1774,"comment_status":"open","ping_status":"closed","template":"","meta":[],"product_brand":[],"product_cat":[120,15],"product_tag":[],"class_list":{"0":"post-217","1":"product","2":"type-product","3":"status-publish","4":"has-post-thumbnail","6":"product_cat-excursions","7":"product_cat-non-classe","8":"tour_category-shopping","10":"first","11":"instock","12":"sale","13":"shipping-taxable","14":"purchasable","15":"product-type-variable"},"_links":{"self":[{"href":"https:\/\/puntacanaexcursions.fr\/en\/wp-json\/wp\/v2\/product\/217","targetHints":{"allow":["GET"]}}],"collection":[{"href":"https:\/\/puntacanaexcursions.fr\/en\/wp-json\/wp\/v2\/product"}],"about":[{"href":"https:\/\/puntacanaexcursions.fr\/en\/wp-json\/wp\/v2\/types\/product"}],"replies":[{"embeddable":true,"href":"https:\/\/puntacanaexcursions.fr\/en\/wp-json\/wp\/v2\/comments?post=217"}],"wp:featuredmedia":[{"embeddable":true,"href":"https:\/\/puntacanaexcursions.fr\/en\/wp-json\/wp\/v2\/media\/1774"}],"wp:attachment":[{"href":"https:\/\/puntacanaexcursions.fr\/en\/wp-json\/wp\/v2\/media?parent=217"}],"wp:term":[{"taxonomy":"product_brand","embeddable":true,"href":"https:\/\/puntacanaexcursions.fr\/en\/wp-json\/wp\/v2\/product_brand?post=217"},{"taxonomy":"product_cat","embeddable":true,"href":"https:\/\/puntacanaexcursions.fr\/en\/wp-json\/wp\/v2\/product_cat?post=217"},{"taxonomy":"product_tag","embeddable":true,"href":"https:\/\/puntacanaexcursions.fr\/en\/wp-json\/wp\/v2\/product_tag?post=217"}],"curies":[{"name":"wp","href":"https:\/\/api.w.org\/{rel}","templated":true}]}}