{"id":1691,"date":"2025-12-05T18:02:55","date_gmt":"2025-12-05T22:02:55","guid":{"rendered":"https:\/\/puntacanaexcursions.fr\/?post_type=product&#038;p=1691"},"modified":"2025-12-21T16:29:44","modified_gmt":"2025-12-21T20:29:44","slug":"residence-la-planque-de-punta-cana","status":"publish","type":"product","link":"https:\/\/puntacanaexcursions.fr\/en\/product\/residence-la-planque-de-punta-cana\/","title":{"rendered":"R\u00e9sidence &#8220;la bonne planque&#8221; de Punta Cana"},"content":{"rendered":"<p>D\u00e9couvrez &#8221; la bonne planque &#8221; Appartement complet de 153 m\u00b2, o\u00f9 luxe et confort se rencontrent, id\u00e9ale pour des vacances en famille. Avec ses deux chambres \u00e9l\u00e9gantes, sa climatisation int\u00e9grale et un vid\u00e9oprojecteur mobile \u00e0 installer dans la pi\u00e8ce de votre choix, ce logement transforme chaque instant en exp\u00e9rience premium.<br \/>\nLa r\u00e9sidence est \u00e9quip\u00e9e d\u2019une serrure digitale moderne, permettant une gestion autonome et s\u00e9curis\u00e9e des entr\u00e9es et sorties, avec assistance possible \u00e0 distance. Le logement dispose \u00e9galement d\u2019un compteur \u00e9lectrique programm\u00e9 pour une consommation raisonnable, pr\u00e9voyant simplement un rechargement en cas de coupure.<br \/>\nPour votre tranquillit\u00e9, la r\u00e9sidence b\u00e9n\u00e9ficie d\u2019un service de gardiennage 24h\/24, assurant une s\u00e9curit\u00e9 constante et rassurante.<br \/>\nUn d\u00e9p\u00f4t de garantie de 100 $ est demand\u00e9 au d\u00e9but de la location, simplement pour couvrir d\u2019\u00e9ventuels dommages ou pertes d\u2019objets ; il est bien s\u00fbr enti\u00e8rement rembours\u00e9 si tout est en ordre.<br \/>\nProfitez d\u2019un acc\u00e8s direct \u00e0 une magnifique piscine et rejoignez la plage paradisiaque de Punta Cana en seulement 5 minutes \u00e0 pied. \u00c0 proximit\u00e9 imm\u00e9diate, vous trouverez une pharmacie ouverte 24h\/24, un supermarch\u00e9, des restaurants ainsi qu\u2019un casino, pour un s\u00e9jour pratique, divertissant et totalement relaxant.<\/p>","protected":false},"excerpt":{"rendered":"<p>D\u00e9couvrez La Bonne Planque, un logement luxueux de 153 m\u00b2 avec deux chambres, climatisation et vid\u00e9oprojecteur mobile pour des soir\u00e9es cin\u00e9ma o\u00f9 vous le souhaitez. Acc\u00e8s direct \u00e0 la piscine, plage de Punta Cana \u00e0 5 minutes \u00e0 pied, et environnement pratique avec pharmacie 24h\/24, supermarch\u00e9, restaurants et casino.<br \/>\nSerrure digitale s\u00e9curis\u00e9e, gardiennage 24h\/24 et compteur \u00e9lectrique intelligent pour un s\u00e9jour serein.<br \/>\nUn d\u00e9p\u00f4t de garantie de 100 $ est simplement demand\u00e9 et enti\u00e8rement rembours\u00e9 si tout est en ordre.<\/p>\n<p>&nbsp;<\/p>","protected":false},"featured_media":1692,"comment_status":"open","ping_status":"closed","template":"","meta":[],"product_brand":[],"product_cat":[135,15],"product_tag":[],"class_list":{"0":"post-1691","1":"product","2":"type-product","3":"status-publish","4":"has-post-thumbnail","6":"product_cat-hotel","7":"product_cat-non-classe","8":"yith_booking_service-menage-appartement","9":"yith_booking_service-transfert-aeroport","10":"tour_category-balade-a-cheval","12":"first","13":"instock","14":"virtual","15":"sold-individually","16":"purchasable","17":"product-type-booking"},"_links":{"self":[{"href":"https:\/\/puntacanaexcursions.fr\/en\/wp-json\/wp\/v2\/product\/1691","targetHints":{"allow":["GET"]}}],"collection":[{"href":"https:\/\/puntacanaexcursions.fr\/en\/wp-json\/wp\/v2\/product"}],"about":[{"href":"https:\/\/puntacanaexcursions.fr\/en\/wp-json\/wp\/v2\/types\/product"}],"replies":[{"embeddable":true,"href":"https:\/\/puntacanaexcursions.fr\/en\/wp-json\/wp\/v2\/comments?post=1691"}],"wp:featuredmedia":[{"embeddable":true,"href":"https:\/\/puntacanaexcursions.fr\/en\/wp-json\/wp\/v2\/media\/1692"}],"wp:attachment":[{"href":"https:\/\/puntacanaexcursions.fr\/en\/wp-json\/wp\/v2\/media?parent=1691"}],"wp:term":[{"taxonomy":"product_brand","embeddable":true,"href":"https:\/\/puntacanaexcursions.fr\/en\/wp-json\/wp\/v2\/product_brand?post=1691"},{"taxonomy":"product_cat","embeddable":true,"href":"https:\/\/puntacanaexcursions.fr\/en\/wp-json\/wp\/v2\/product_cat?post=1691"},{"taxonomy":"product_tag","embeddable":true,"href":"https:\/\/puntacanaexcursions.fr\/en\/wp-json\/wp\/v2\/product_tag?post=1691"}],"curies":[{"name":"wp","href":"https:\/\/api.w.org\/{rel}","templated":true}]}}