{"id":1682,"date":"2025-12-02T03:14:13","date_gmt":"2025-12-02T07:14:13","guid":{"rendered":"https:\/\/puntacanaexcursions.fr\/?post_type=product&#038;p=1682"},"modified":"2025-12-22T16:28:38","modified_gmt":"2025-12-22T20:28:38","slug":"balade-a-cheval","status":"publish","type":"product","link":"https:\/\/puntacanaexcursions.fr\/en\/tours\/balade-a-cheval\/","title":{"rendered":"Balade \u00e0 Cheval"},"content":{"rendered":"<h3>Nature, Plages &amp; Traditions Dominicaines<\/h3>\n<p>ivez une exp\u00e9rience authentique au c\u0153ur de Punta Cana avec notre <strong data-start=\"264\" data-end=\"283\">balade \u00e0 cheval<\/strong>, une activit\u00e9 id\u00e9ale pour d\u00e9couvrir la beaut\u00e9 naturelle de la r\u00e9gion tout en profitant d\u2019un moment paisible et d\u00e9paysant.<br \/>\n<!--more--><\/p>\n<h3 data-start=\"1640\" data-end=\"1681\"><strong data-start=\"1644\" data-end=\"1679\">Pourquoi choisir cette balade ?<\/strong><\/h3>\n<ul>\n<li style=\"list-style-type: none;\">\n<ul data-start=\"1682\" data-end=\"1916\">\n<li data-start=\"1682\" data-end=\"1724\">\n<p data-start=\"1684\" data-end=\"1724\">Activit\u00e9 paisible et accessible \u00e0 tous<\/p>\n<\/li>\n<li data-start=\"1725\" data-end=\"1777\">\n<p data-start=\"1727\" data-end=\"1777\">Parfait pour les amoureux de nature et d\u2019animaux<\/p>\n<\/li>\n<li data-start=\"1778\" data-end=\"1823\">\n<p data-start=\"1780\" data-end=\"1823\">Id\u00e9al en couple, en famille ou entre amis<\/p>\n<\/li>\n<li data-start=\"1824\" data-end=\"1879\">\n<p data-start=\"1826\" data-end=\"1879\">D\u00e9couverte authentique de l\u2019arri\u00e8re-pays dominicain<\/p>\n<\/li>\n<li data-start=\"1880\" data-end=\"1916\">\n<p data-start=\"1882\" data-end=\"1916\">Photos inoubliables sur la plage<\/p>\n<\/li>\n<\/ul>\n<\/li>\n<\/ul>\n<table class=\"table table-bordered tours-tabs__table\" style=\"height: 233px;\" width=\"862\">\n<tbody>\n<tr>\n<td><strong>LIEU DE D\u00c9PART<\/strong><\/td>\n<td>Prise en charge et retour depuis les complexes h\u00f4teliers de Punta Cana, Bavaro, Miches, Uvero Alto et Cabeza de Toro<\/td>\n<\/tr>\n<tr>\n<td><strong><br \/>\nHEURE DE D\u00c9PART<br \/>\n<\/strong><\/td>\n<td><strong>2 heures 30 (Veuillez arriver au moins 1 heure\u00a0 avant le d\u00e9part).<\/strong><\/td>\n<\/tr>\n<tr>\n<td><strong>INCLUS<\/strong><\/td>\n<td>\n<table class=\"table table-bordered\" style=\"height: 62px;\" width=\"300\">\n<tbody>\n<tr>\n<td><i class=\"fa fa-check icon-tick icon-tick--on\"><\/i>Cheval bien dress\u00e9 et tout l&#8217;\u00e9quipement n\u00e9cessaire<\/td>\n<td><i class=\"fa fa-check icon-tick icon-tick--on\"><\/i>Balade en campagne et plage<\/td>\n<\/tr>\n<tr>\n<td><i class=\"fa fa-check icon-tick icon-tick--on\"><\/i>Bouteilles d&#8217;eau<\/td>\n<td><i class=\"fa fa-check icon-tick icon-tick--on\"><\/i>Guide professionnel<\/td>\n<\/tr>\n<\/tbody>\n<\/table>\n<p>&nbsp;<\/p><\/td>\n<\/tr>\n<tr>\n<td><strong>NON INCLUS<\/strong><\/td>\n<td>\n<table class=\"table table-bordered\" style=\"height: 62px;\" width=\"300\">\n<tbody>\n<tr>\n<td><i class=\"fa fa-times icon-tick icon-tick--off\"><\/i>Achats personnels<\/td>\n<\/tr>\n<tr>\n<td><i class=\"fa fa-times icon-tick icon-tick--off\"><\/i>Boissons<\/td>\n<\/tr>\n<\/tbody>\n<\/table>\n<p><i class=\"fa fa-times icon-tick icon-tick--off\"><\/i>Repas et photos<\/p><\/td>\n<\/tr>\n<\/tbody>\n<\/table>","protected":false},"excerpt":{"rendered":"<p>Oubliez les circuits en bus bond\u00e9s et les itin\u00e9raires pr\u00e9visibles pour vivre une v\u00e9ritable aventure \u00e0 cheval ! Cette exp\u00e9rience immersive commence dans notre authentique ranch, o\u00f9 vous rencontrerez votre fid\u00e8le monture. De l\u00e0, vous voyagerez \u00e0 travers des paysages luxuriants et pittoresques, en suivant des sentiers cach\u00e9s qui m\u00e8nent directement \u00e0 la magnifique plage de Macao.<\/p>\n<p>Que vous soyez un cavalier d\u00e9butant \u00e0 la recherche d&#8217;une balade paisible ou un cavalier exp\u00e9riment\u00e9 \u00e0 la recherche d&#8217;un galop exaltant le long des vagues, c&#8217;est vous qui d\u00e9terminez le rythme. Votre guide expert adaptera le parcours \u00e0 votre niveau de confort et \u00e0 vos comp\u00e9tences, vous garantissant une balade s\u00fbre, personnalis\u00e9e et inoubliable. C&#8217;est l&#8217;occasion de vous reconnecter avec la nature et de d\u00e9couvrir la beaut\u00e9 sauvage du littoral dominicain, loin de la foule des stations baln\u00e9aires.<\/p>","protected":false},"featured_media":1731,"comment_status":"open","ping_status":"closed","template":"","meta":[],"product_brand":[],"product_cat":[120,15],"product_tag":[],"class_list":{"0":"post-1682","1":"product","2":"type-product","3":"status-publish","4":"has-post-thumbnail","6":"product_cat-excursions","7":"product_cat-non-classe","8":"tour_category-balade-a-cheval","10":"first","11":"instock","12":"sale","13":"shipping-taxable","14":"purchasable","15":"product-type-tour"},"_links":{"self":[{"href":"https:\/\/puntacanaexcursions.fr\/en\/wp-json\/wp\/v2\/product\/1682","targetHints":{"allow":["GET"]}}],"collection":[{"href":"https:\/\/puntacanaexcursions.fr\/en\/wp-json\/wp\/v2\/product"}],"about":[{"href":"https:\/\/puntacanaexcursions.fr\/en\/wp-json\/wp\/v2\/types\/product"}],"replies":[{"embeddable":true,"href":"https:\/\/puntacanaexcursions.fr\/en\/wp-json\/wp\/v2\/comments?post=1682"}],"wp:featuredmedia":[{"embeddable":true,"href":"https:\/\/puntacanaexcursions.fr\/en\/wp-json\/wp\/v2\/media\/1731"}],"wp:attachment":[{"href":"https:\/\/puntacanaexcursions.fr\/en\/wp-json\/wp\/v2\/media?parent=1682"}],"wp:term":[{"taxonomy":"product_brand","embeddable":true,"href":"https:\/\/puntacanaexcursions.fr\/en\/wp-json\/wp\/v2\/product_brand?post=1682"},{"taxonomy":"product_cat","embeddable":true,"href":"https:\/\/puntacanaexcursions.fr\/en\/wp-json\/wp\/v2\/product_cat?post=1682"},{"taxonomy":"product_tag","embeddable":true,"href":"https:\/\/puntacanaexcursions.fr\/en\/wp-json\/wp\/v2\/product_tag?post=1682"}],"curies":[{"name":"wp","href":"https:\/\/api.w.org\/{rel}","templated":true}]}}