{"id":122,"date":"2015-07-10T15:31:33","date_gmt":"2015-07-10T15:31:33","guid":{"rendered":"http:\/\/adventure-tours.themedelight.com\/?post_type=product&#038;p=122"},"modified":"2025-12-22T15:23:08","modified_gmt":"2025-12-22T19:23:08","slug":"amazon-cruise","status":"publish","type":"product","link":"https:\/\/puntacanaexcursions.fr\/en\/tours\/amazon-cruise\/","title":{"rendered":"Buggy \u00e0 Punta Cana"},"content":{"rendered":"<h3>Aventure \u00e0 Macao &amp; D\u00e9couvertes Locales<\/h3>\n<p>Partez \u00e0 l\u2019aventure au c\u0153ur de Punta Cana avec notre <strong data-start=\"272\" data-end=\"302\">excursion en buggy \u00e0 Macao<\/strong>, une exp\u00e9rience incontournable pour les amateurs de sensations fortes, de nature et de culture dominicaine !<!--more--><\/p>\n<h3 data-start=\"1873\" data-end=\"1917\"><strong data-start=\"1877\" data-end=\"1915\">Pourquoi choisir cette excursion ?<\/strong><\/h3>\n<ul data-start=\"1918\" data-end=\"2104\">\n<li data-start=\"1918\" data-end=\"1943\">\n<p data-start=\"1920\" data-end=\"1943\">Aventure fun en buggy<\/p>\n<\/li>\n<li data-start=\"1944\" data-end=\"1984\">\n<p data-start=\"1946\" data-end=\"1984\">D\u00e9couverte culturelle et authentique<\/p>\n<\/li>\n<li data-start=\"1985\" data-end=\"2034\">\n<p data-start=\"1987\" data-end=\"2034\">Parfait pour les couples, familles et groupes<\/p>\n<\/li>\n<li data-start=\"2035\" data-end=\"2104\">\n<p data-start=\"2037\" data-end=\"2104\">Combinaison id\u00e9ale entre nature, adr\u00e9naline et traditions locales<\/p>\n<\/li>\n<\/ul>\n<table class=\"table table-bordered tours-tabs__table\" style=\"height: 233px;\" width=\"862\">\n<tbody>\n<tr>\n<td><strong>LIEU DE D\u00c9PART<\/strong><\/td>\n<td>H\u00f4tel<\/td>\n<\/tr>\n<tr>\n<td><strong><br \/>\nHEURE DE D\u00c9PART<br \/>\n<\/strong><\/td>\n<td><strong>8 heures (Veuillez arriver au moins 1 heure\u00a0 avant le d\u00e9part).<\/strong><\/td>\n<\/tr>\n<tr>\n<td><strong>INCLUS<\/strong><\/td>\n<td>\n<table class=\"table table-bordered\" style=\"height: 62px;\" width=\"300\">\n<tbody>\n<tr>\n<td><i class=\"fa fa-check icon-tick icon-tick--on\"><\/i>Transport en bus<\/td>\n<td><i class=\"fa fa-check icon-tick icon-tick--on\"><\/i>Boutiques de souvenirs<\/td>\n<\/tr>\n<tr>\n<td><i class=\"fa fa-check icon-tick icon-tick--on\"><\/i>Visite de la grotte<\/td>\n<td><i class=\"fa fa-check icon-tick icon-tick--on\"><\/i>Guide professionnel<\/td>\n<\/tr>\n<\/tbody>\n<\/table>\n<\/td>\n<\/tr>\n<tr>\n<td><strong>NON INCLUS<\/strong><\/td>\n<td>\n<table class=\"table table-bordered\" style=\"height: 62px;\" width=\"300\">\n<tbody>\n<tr>\n<td><i class=\"fa fa-times icon-tick icon-tick--off\"><\/i>Achats personnels<\/td>\n<\/tr>\n<tr>\n<td><i class=\"fa fa-times icon-tick icon-tick--off\"><\/i>Protections pour la poussi\u00e8re<\/td>\n<\/tr>\n<\/tbody>\n<\/table>\n<\/td>\n<\/tr>\n<\/tbody>\n<\/table>\n<p>&nbsp;<\/p>","protected":false},"excerpt":{"rendered":"<p>Aventure \u00e0 Macao &amp; D\u00e9couvertes Locales Partez \u00e0 l\u2019aventure au c\u0153ur de Punta Cana avec notre excursion en buggy \u00e0 Macao, une exp\u00e9rience incontournable pour les amateurs de sensations fortes, de nature et de culture dominicaine !<\/p>","protected":false},"featured_media":1727,"comment_status":"open","ping_status":"closed","template":"","meta":[],"product_brand":[],"product_cat":[120,15],"product_tag":[],"class_list":{"0":"post-122","1":"product","2":"type-product","3":"status-publish","4":"has-post-thumbnail","6":"product_cat-excursions","7":"product_cat-non-classe","8":"tour_category-journee-buggy","10":"first","11":"instock","12":"sale","13":"shipping-taxable","14":"purchasable","15":"product-type-tour"},"_links":{"self":[{"href":"https:\/\/puntacanaexcursions.fr\/en\/wp-json\/wp\/v2\/product\/122","targetHints":{"allow":["GET"]}}],"collection":[{"href":"https:\/\/puntacanaexcursions.fr\/en\/wp-json\/wp\/v2\/product"}],"about":[{"href":"https:\/\/puntacanaexcursions.fr\/en\/wp-json\/wp\/v2\/types\/product"}],"replies":[{"embeddable":true,"href":"https:\/\/puntacanaexcursions.fr\/en\/wp-json\/wp\/v2\/comments?post=122"}],"wp:featuredmedia":[{"embeddable":true,"href":"https:\/\/puntacanaexcursions.fr\/en\/wp-json\/wp\/v2\/media\/1727"}],"wp:attachment":[{"href":"https:\/\/puntacanaexcursions.fr\/en\/wp-json\/wp\/v2\/media?parent=122"}],"wp:term":[{"taxonomy":"product_brand","embeddable":true,"href":"https:\/\/puntacanaexcursions.fr\/en\/wp-json\/wp\/v2\/product_brand?post=122"},{"taxonomy":"product_cat","embeddable":true,"href":"https:\/\/puntacanaexcursions.fr\/en\/wp-json\/wp\/v2\/product_cat?post=122"},{"taxonomy":"product_tag","embeddable":true,"href":"https:\/\/puntacanaexcursions.fr\/en\/wp-json\/wp\/v2\/product_tag?post=122"}],"curies":[{"name":"wp","href":"https:\/\/api.w.org\/{rel}","templated":true}]}}